{"id":18,"date":"2021-03-09T22:28:16","date_gmt":"2021-03-09T22:28:16","guid":{"rendered":"https:\/\/techsaver.com.mx\/?page_id=18"},"modified":"2021-03-11T18:03:56","modified_gmt":"2021-03-11T18:03:56","slug":"contacto","status":"publish","type":"page","link":"https:\/\/techsaver.com.mx\/index.php\/contacto\/","title":{"rendered":"Contacto"},"content":{"rendered":"<p>[et_pb_section fb_built=\u00bb1&#8243; fullwidth=\u00bbon\u00bb admin_label=\u00bbHero Section\u00bb _builder_version=\u00bb3.22&#8243; background_image=\u00bbhttps:\/\/techsaver.com.mx\/wp-content\/uploads\/2021\/03\/law-firm-27.jpg\u00bb parallax=\u00bbon\u00bb custom_padding=\u00bb|||\u00bb][et_pb_fullwidth_header content_max_width=\u00bb900px\u00bb _builder_version=\u00bb4.9.1&#8243; title_font=\u00bbPoppins|600||on|||||\u00bb title_font_size=\u00bb18px\u00bb title_letter_spacing=\u00bb4px\u00bb title_line_height=\u00bb1.8em\u00bb content_font=\u00bb||||||||\u00bb subhead_font=\u00bbRaleway|700|||||||\u00bb subhead_font_size=\u00bb50px\u00bb subhead_line_height=\u00bb1.4em\u00bb background_color=\u00bbrgba(126,190,197,0)\u00bb use_background_color_gradient=\u00bbon\u00bb background_color_gradient_start=\u00bb#b2b5ff\u00bb background_color_gradient_end=\u00bbrgba(0,13,255,0.7)\u00bb background_color_gradient_direction=\u00bb90deg\u00bb background_color_gradient_start_position=\u00bb25%\u00bb background_color_gradient_end_position=\u00bb75%\u00bb background_color_gradient_overlays_image=\u00bbon\u00bb custom_button_one=\u00bbon\u00bb button_one_text_size=\u00bb14px\u00bb button_one_bg_color=\u00bb#29cb8b\u00bb button_one_border_width=\u00bb12px\u00bb button_one_border_color=\u00bb#29cb8b\u00bb button_one_letter_spacing=\u00bb2px\u00bb button_one_font=\u00bbPoppins|600||on|||||\u00bb button_one_icon=\u00bb%%3%%\u00bb custom_button_two=\u00bbon\u00bb button_two_text_size=\u00bb14px\u00bb button_two_text_color=\u00bb#29cb8b\u00bb button_two_bg_color=\u00bb#ffffff\u00bb button_two_border_width=\u00bb12px\u00bb button_two_border_color=\u00bb#ffffff\u00bb button_two_letter_spacing=\u00bb2px\u00bb button_two_font=\u00bbPoppins|600||on|||||\u00bb button_two_icon=\u00bb%%3%%\u00bb custom_padding=\u00bb80px||18vw|\u00bb content_font_size_last_edited=\u00bboff|desktop\u00bb subhead_font_size_tablet=\u00bb40px\u00bb subhead_font_size_phone=\u00bb30px\u00bb subhead_font_size_last_edited=\u00bbon|desktop\u00bb button_one_letter_spacing_hover=\u00bb2px\u00bb button_two_letter_spacing_hover=\u00bb2px\u00bb button_one_text_size__hover_enabled=\u00bboff\u00bb button_two_text_size__hover_enabled=\u00bboff\u00bb button_one_text_color__hover_enabled=\u00bboff\u00bb button_two_text_color__hover_enabled=\u00bboff\u00bb button_one_border_width__hover_enabled=\u00bboff\u00bb button_two_border_width__hover_enabled=\u00bboff\u00bb button_one_border_color__hover_enabled=\u00bboff\u00bb button_two_border_color__hover_enabled=\u00bboff\u00bb button_one_border_radius__hover_enabled=\u00bboff\u00bb button_two_border_radius__hover_enabled=\u00bboff\u00bb button_one_letter_spacing__hover_enabled=\u00bbon\u00bb button_one_letter_spacing__hover=\u00bb2px\u00bb button_two_letter_spacing__hover_enabled=\u00bbon\u00bb button_two_letter_spacing__hover=\u00bb2px\u00bb button_one_bg_color__hover_enabled=\u00bboff\u00bb button_two_bg_color__hover_enabled=\u00bboff\u00bb][\/et_pb_fullwidth_header][\/et_pb_section][et_pb_section fb_built=\u00bb1&#8243; _builder_version=\u00bb3.22&#8243; custom_margin=\u00bb||50px||false\u00bb custom_margin_tablet=\u00bb\u00bb custom_margin_phone=\u00bb||0px|\u00bb custom_margin_last_edited=\u00bbon|phone\u00bb custom_padding=\u00bb0px||0||false|false\u00bb][et_pb_row _builder_version=\u00bb3.25&#8243; width=\u00bb100%\u00bb max_width=\u00bb100%\u00bb custom_margin=\u00bb|||\u00bb custom_padding=\u00bb27px|0px|27px|0px|false|false\u00bb use_custom_width=\u00bbon\u00bb width_unit=\u00bboff\u00bb custom_width_percent=\u00bb100%\u00bb][et_pb_column type=\u00bb4_4&#8243; _builder_version=\u00bb3.25&#8243; custom_padding=\u00bb0px|||\u00bb custom_padding__hover=\u00bb|||\u00bb][et_pb_text _builder_version=\u00bb4.9.1&#8243; text_font=\u00bbRaleway|800|||||||\u00bb text_font_size=\u00bb22.4vw\u00bb text_line_height=\u00bb0.8em\u00bb header_font=\u00bb||||||||\u00bb background_layout=\u00bbdark\u00bb custom_margin=\u00bb-15vw|||-2%\u00bb custom_margin_tablet=\u00bb-19vw|||\u00bb custom_margin_phone=\u00bb\u00bb custom_margin_last_edited=\u00bbon|tablet\u00bb animation_style=\u00bbslide\u00bb animation_direction=\u00bbbottom\u00bb animation_intensity_slide=\u00bb5%\u00bb animation_starting_opacity=\u00bb100%\u00bb text_font_size_tablet=\u00bb\u00bb text_font_size_phone=\u00bb\u00bb text_font_size_last_edited=\u00bbon|phone\u00bb]<\/p>\n<p>Contacto<\/p>\n<p>[\/et_pb_text][\/et_pb_column][\/et_pb_row][et_pb_row column_structure=\u00bb1_2,1_2&#8243; _builder_version=\u00bb4.9.1&#8243; custom_margin=\u00bb|||\u00bb custom_width_px=\u00bb750px\u00bb][et_pb_column type=\u00bb1_2&#8243; _builder_version=\u00bb4.9.1&#8243; _module_preset=\u00bbdefault\u00bb][et_pb_text _builder_version=\u00bb4.9.1&#8243; header_font=\u00bb||||||||\u00bb header_4_font=\u00bbRaleway|700|||||||\u00bb header_4_font_size=\u00bb22px\u00bb header_4_line_height=\u00bb1.4em\u00bb custom_margin=\u00bb||10px|\u00bb]<\/p>\n<h4>Correo electr\u00f3nico<\/h4>\n<p>[\/et_pb_text][et_pb_text ul_type=\u00bbnone\u00bb ul_item_indent=\u00bb1px\u00bb _builder_version=\u00bb4.9.1&#8243; text_font=\u00bb||||||||\u00bb ul_font=\u00bbPoppins||||||||\u00bb ul_font_size=\u00bb16px\u00bb ul_line_height=\u00bb2em\u00bb]<\/p>\n<p>contacto@techsaver.com.mx<\/p>\n<p>[\/et_pb_text][et_pb_text _builder_version=\u00bb4.9.1&#8243; header_font=\u00bb||||||||\u00bb header_4_font=\u00bbRaleway|700|||||||\u00bb header_4_font_size=\u00bb22px\u00bb header_4_line_height=\u00bb1.4em\u00bb custom_margin=\u00bb||10px|\u00bb]<\/p>\n<h4>Tel\u00e9fono<\/h4>\n<p>[\/et_pb_text][et_pb_text ul_type=\u00bbnone\u00bb ul_item_indent=\u00bb1px\u00bb _builder_version=\u00bb4.9.1&#8243; text_font=\u00bb||||||||\u00bb ul_font=\u00bbPoppins||||||||\u00bb ul_font_size=\u00bb16px\u00bb ul_line_height=\u00bb2em\u00bb][\/et_pb_text][et_pb_text _builder_version=\u00bb4.9.1&#8243; header_font=\u00bb||||||||\u00bb header_4_font=\u00bbRaleway|700|||||||\u00bb header_4_font_size=\u00bb22px\u00bb header_4_line_height=\u00bb1.4em\u00bb custom_margin=\u00bb||10px|\u00bb]<\/p>\n<h4>Vis\u00edtanos<\/h4>\n<p>[\/et_pb_text][et_pb_text _builder_version=\u00bb4.9.1&#8243; text_font=\u00bbPoppins||||||||\u00bb text_font_size=\u00bb16px\u00bb text_line_height=\u00bb1.6em\u00bb]<\/p>\n<p style=\"text-align: justify;\">Avenida Batallon de San Patricio # 109\u00a0 Sur, Colonia Del Valle Sect Oriente, C.P. 66269, Municipio de San Perdo Garza Garc\u00eda, N.L<\/p>\n<p>[\/et_pb_text][\/et_pb_column][et_pb_column type=\u00bb1_2&#8243; _builder_version=\u00bb3.25&#8243; custom_padding=\u00bb|||\u00bb custom_padding__hover=\u00bb|||\u00bb][et_pb_contact_form captcha=\u00bboff\u00bb email=\u00bbcontacto@techsaver.com.mx\u00bb submit_button_text=\u00bbEnviar \u00bb module_id=\u00bbet_pb_contact_form_0&#8243; _builder_version=\u00bb4.9.1&#8243; form_field_background_color=\u00bb#ffffff\u00bb form_field_font=\u00bbPoppins||||||||\u00bb form_field_font_size=\u00bb16px\u00bb custom_button=\u00bbon\u00bb button_text_size=\u00bb14px\u00bb button_text_color=\u00bb#ffffff\u00bb button_bg_color=\u00bb#29cb8b\u00bb button_border_width=\u00bb12px\u00bb button_border_color=\u00bb#29cb8b\u00bb button_letter_spacing=\u00bb2px\u00bb button_font=\u00bbPoppins|600||on|||||\u00bb button_icon=\u00bb%%3%%\u00bb hover_enabled=\u00bb0&#8243; border_radii=\u00bbon|3px|3px|3px|3px\u00bb form_background_color=\u00bb#ffffff\u00bb sticky_enabled=\u00bb0&#8243;][et_pb_contact_field field_id=\u00bbNombre\u00bb field_title=\u00bbNombre\u00bb fullwidth_field=\u00bbon\u00bb _builder_version=\u00bb4.9.1&#8243; form_field_background_color=\u00bb#f1f5f9&#8243; background_enable_color=\u00bboff\u00bb button_text_size__hover_enabled=\u00bboff\u00bb button_one_text_size__hover_enabled=\u00bboff\u00bb button_two_text_size__hover_enabled=\u00bboff\u00bb button_text_color__hover_enabled=\u00bboff\u00bb button_one_text_color__hover_enabled=\u00bboff\u00bb button_two_text_color__hover_enabled=\u00bboff\u00bb button_border_width__hover_enabled=\u00bboff\u00bb button_one_border_width__hover_enabled=\u00bboff\u00bb button_two_border_width__hover_enabled=\u00bboff\u00bb button_border_color__hover_enabled=\u00bboff\u00bb button_one_border_color__hover_enabled=\u00bboff\u00bb button_two_border_color__hover_enabled=\u00bboff\u00bb button_border_radius__hover_enabled=\u00bboff\u00bb button_one_border_radius__hover_enabled=\u00bboff\u00bb button_two_border_radius__hover_enabled=\u00bboff\u00bb button_letter_spacing__hover_enabled=\u00bboff\u00bb button_one_letter_spacing__hover_enabled=\u00bboff\u00bb button_two_letter_spacing__hover_enabled=\u00bboff\u00bb button_bg_color__hover_enabled=\u00bboff\u00bb button_one_bg_color__hover_enabled=\u00bboff\u00bb button_two_bg_color__hover_enabled=\u00bboff\u00bb][\/et_pb_contact_field][et_pb_contact_field field_id=\u00bbCorreo_electr\u00f3nico\u00bb field_title=\u00bbCorreo electr\u00f3nico\u00bb field_type=\u00bbemail\u00bb fullwidth_field=\u00bbon\u00bb _builder_version=\u00bb4.9.1&#8243; form_field_background_color=\u00bb#f1f5f9&#8243; button_text_size__hover_enabled=\u00bboff\u00bb button_one_text_size__hover_enabled=\u00bboff\u00bb button_two_text_size__hover_enabled=\u00bboff\u00bb button_text_color__hover_enabled=\u00bboff\u00bb button_one_text_color__hover_enabled=\u00bboff\u00bb button_two_text_color__hover_enabled=\u00bboff\u00bb button_border_width__hover_enabled=\u00bboff\u00bb button_one_border_width__hover_enabled=\u00bboff\u00bb button_two_border_width__hover_enabled=\u00bboff\u00bb button_border_color__hover_enabled=\u00bboff\u00bb button_one_border_color__hover_enabled=\u00bboff\u00bb button_two_border_color__hover_enabled=\u00bboff\u00bb button_border_radius__hover_enabled=\u00bboff\u00bb button_one_border_radius__hover_enabled=\u00bboff\u00bb button_two_border_radius__hover_enabled=\u00bboff\u00bb button_letter_spacing__hover_enabled=\u00bboff\u00bb button_one_letter_spacing__hover_enabled=\u00bboff\u00bb button_two_letter_spacing__hover_enabled=\u00bboff\u00bb button_bg_color__hover_enabled=\u00bboff\u00bb button_one_bg_color__hover_enabled=\u00bboff\u00bb button_two_bg_color__hover_enabled=\u00bboff\u00bb][\/et_pb_contact_field][et_pb_contact_field field_id=\u00bbTel\u00e9fono\u00bb field_title=\u00bbTel\u00e9fono\u00bb allowed_symbols=\u00bbnumbers\u00bb fullwidth_field=\u00bbon\u00bb _builder_version=\u00bb4.9.1&#8243; form_field_background_color=\u00bb#f1f5f9&#8243; button_text_size__hover_enabled=\u00bboff\u00bb button_one_text_size__hover_enabled=\u00bboff\u00bb button_two_text_size__hover_enabled=\u00bboff\u00bb button_text_color__hover_enabled=\u00bboff\u00bb button_one_text_color__hover_enabled=\u00bboff\u00bb button_two_text_color__hover_enabled=\u00bboff\u00bb button_border_width__hover_enabled=\u00bboff\u00bb button_one_border_width__hover_enabled=\u00bboff\u00bb button_two_border_width__hover_enabled=\u00bboff\u00bb button_border_color__hover_enabled=\u00bboff\u00bb button_one_border_color__hover_enabled=\u00bboff\u00bb button_two_border_color__hover_enabled=\u00bboff\u00bb button_border_radius__hover_enabled=\u00bboff\u00bb button_one_border_radius__hover_enabled=\u00bboff\u00bb button_two_border_radius__hover_enabled=\u00bboff\u00bb button_letter_spacing__hover_enabled=\u00bboff\u00bb button_one_letter_spacing__hover_enabled=\u00bboff\u00bb button_two_letter_spacing__hover_enabled=\u00bboff\u00bb button_bg_color__hover_enabled=\u00bboff\u00bb button_one_bg_color__hover_enabled=\u00bboff\u00bb button_two_bg_color__hover_enabled=\u00bboff\u00bb][\/et_pb_contact_field][et_pb_contact_field field_id=\u00bbMensaje\u00bb field_title=\u00bbMensaje\u00bb field_type=\u00bbtext\u00bb fullwidth_field=\u00bbon\u00bb _builder_version=\u00bb4.9.1&#8243; form_field_background_color=\u00bb#f1f5f9&#8243; button_text_size__hover_enabled=\u00bboff\u00bb button_one_text_size__hover_enabled=\u00bboff\u00bb button_two_text_size__hover_enabled=\u00bboff\u00bb button_text_color__hover_enabled=\u00bboff\u00bb button_one_text_color__hover_enabled=\u00bboff\u00bb button_two_text_color__hover_enabled=\u00bboff\u00bb button_border_width__hover_enabled=\u00bboff\u00bb button_one_border_width__hover_enabled=\u00bboff\u00bb button_two_border_width__hover_enabled=\u00bboff\u00bb button_border_color__hover_enabled=\u00bboff\u00bb button_one_border_color__hover_enabled=\u00bboff\u00bb button_two_border_color__hover_enabled=\u00bboff\u00bb button_border_radius__hover_enabled=\u00bboff\u00bb button_one_border_radius__hover_enabled=\u00bboff\u00bb button_two_border_radius__hover_enabled=\u00bboff\u00bb button_letter_spacing__hover_enabled=\u00bboff\u00bb button_one_letter_spacing__hover_enabled=\u00bboff\u00bb button_two_letter_spacing__hover_enabled=\u00bboff\u00bb button_bg_color__hover_enabled=\u00bboff\u00bb button_one_bg_color__hover_enabled=\u00bboff\u00bb button_two_bg_color__hover_enabled=\u00bboff\u00bb][\/et_pb_contact_field][\/et_pb_contact_form][\/et_pb_column][\/et_pb_row][\/et_pb_section][et_pb_section fb_built=\u00bb1&#8243; admin_label=\u00bbFooter\u00bb _builder_version=\u00bb3.22&#8243; custom_padding=\u00bb0px||0px||true|false\u00bb saved_tabs=\u00bball\u00bb][et_pb_row _builder_version=\u00bb4.9.1&#8243; _module_preset=\u00bbdefault\u00bb transform_scale_tablet=\u00bb\u00bb transform_scale_phone=\u00bb\u00bb transform_scale_last_edited=\u00bbon|tablet\u00bb transform_translate=\u00bb93px|-74px\u00bb transform_translate_tablet=\u00bb11px|-60px\u00bb transform_translate_phone=\u00bb-5px|-56px\u00bb transform_translate_last_edited=\u00bbon|phone\u00bb transform_rotate_tablet=\u00bb\u00bb transform_rotate_phone=\u00bb\u00bb transform_rotate_last_edited=\u00bbon|desktop\u00bb transform_skew_tablet=\u00bb\u00bb transform_skew_phone=\u00bb\u00bb transform_skew_last_edited=\u00bbon|desktop\u00bb transform_origin_tablet=\u00bb\u00bb transform_origin_phone=\u00bb\u00bb transform_origin_last_edited=\u00bbon|desktop\u00bb transform_styles_last_edited=\u00bbon|phone\u00bb transform_styles_tablet=\u00bb\u00bb transform_styles_phone=\u00bb\u00bb][et_pb_column type=\u00bb4_4&#8243; _builder_version=\u00bb4.9.1&#8243; _module_preset=\u00bbdefault\u00bb][et_pb_code _builder_version=\u00bb4.9.1&#8243; _module_preset=\u00bbdefault\u00bb border_color_all=\u00bbRGBA(0,0,0,0)\u00bb]<iframe src=\"https:\/\/www.google.com\/maps\/embed?pb=!1m18!1m12!1m3!1d3596.6809985103164!2d-100.33618848498136!3d25.64871088368815!2m3!1f0!2f0!3f0!3m2!1i1024!2i768!4f13.1!3m3!1m2!1s0x8662be6c9609d087%3A0x7bc9e17dec05cfe5!2sAv.%20Batallon%20de%20San%20Patricio%20109%2C%20Valle%20Oriente%2C%2066278%20San%20Pedro%20Garza%20Garc%C3%ADa%2C%20N.L.!5e0!3m2!1ses!2smx!4v1615341308735!5m2!1ses!2smx\" width=\"800\" height=\"600\" style=\"border:0;\" allowfullscreen=\"\" loading=\"lazy\"><\/iframe>[\/et_pb_code][\/et_pb_column][\/et_pb_row][\/et_pb_section]<\/p>\n","protected":false},"excerpt":{"rendered":"<p>ContactoCorreo electr\u00f3nicocontacto@techsaver.com.mxTel\u00e9fonoVis\u00edtanosAvenida Batallon de San Patricio # 109\u00a0 Sur, Colonia Del Valle Sect Oriente, C.P. 66269, Municipio de San Perdo Garza Garc\u00eda, N.L<\/p>\n","protected":false},"author":1,"featured_media":0,"parent":0,"menu_order":0,"comment_status":"closed","ping_status":"closed","template":"","meta":{"_et_pb_use_builder":"on","_et_pb_old_content":"<!-- wp:divi\/placeholder \/-->","_et_gb_content_width":"","footnotes":""},"class_list":["post-18","page","type-page","status-publish","hentry"],"_links":{"self":[{"href":"https:\/\/techsaver.com.mx\/index.php\/wp-json\/wp\/v2\/pages\/18","targetHints":{"allow":["GET"]}}],"collection":[{"href":"https:\/\/techsaver.com.mx\/index.php\/wp-json\/wp\/v2\/pages"}],"about":[{"href":"https:\/\/techsaver.com.mx\/index.php\/wp-json\/wp\/v2\/types\/page"}],"author":[{"embeddable":true,"href":"https:\/\/techsaver.com.mx\/index.php\/wp-json\/wp\/v2\/users\/1"}],"replies":[{"embeddable":true,"href":"https:\/\/techsaver.com.mx\/index.php\/wp-json\/wp\/v2\/comments?post=18"}],"version-history":[{"count":12,"href":"https:\/\/techsaver.com.mx\/index.php\/wp-json\/wp\/v2\/pages\/18\/revisions"}],"predecessor-version":[{"id":208,"href":"https:\/\/techsaver.com.mx\/index.php\/wp-json\/wp\/v2\/pages\/18\/revisions\/208"}],"wp:attachment":[{"href":"https:\/\/techsaver.com.mx\/index.php\/wp-json\/wp\/v2\/media?parent=18"}],"curies":[{"name":"wp","href":"https:\/\/api.w.org\/{rel}","templated":true}]}}